{"id":156,"date":"2018-10-25T09:12:51","date_gmt":"2018-10-25T07:12:51","guid":{"rendered":"http:\/\/test.kriesi.at\/minimal-portfolio\/?page_id=156"},"modified":"2021-10-13T11:49:10","modified_gmt":"2021-10-13T09:49:10","slug":"kontakt","status":"publish","type":"page","link":"https:\/\/autorent.hr\/en\/kontakt\/","title":{"rendered":"Contact"},"content":{"rendered":"<div class=\"av_gmaps_sc_main_wrap av_gmaps_main_wrap\"><div id='av_gmap_0' class='avia-google-map-container avia-google-map-sc av_gmaps_show_unconditionally av-no-fallback-img' data-mapid='av_gmap_0'  style='height: 400px;'><a class=\"av_gmaps_browser_disabled av_text_confirm_link av_text_confirm_link_visible\" href=\"https:\/\/www.google.com\/maps\/search\/?api=1&#038;query=Ulica%20\u0160andora%20Bre\u0161\u0107enskog%2017%2010410%20Velika%20gorica%20Zagreb%20Hrvatska\" target=\"_blank\">Maps were disabled by the visitor on this site.<\/a><\/div><\/div>\n<\/div><\/div><\/div><!-- close content main div --><\/div><\/div><div id='av_section_1' class='avia-section main_color avia-section-huge avia-no-shadow avia-bg-style-scroll   container_wrap fullsize' style=' '   '><div class='container' ><div class='template-page content  av-content-full alpha units'><div class='post-entry post-entry-type-page post-entry-156'><div class='entry-content-wrapper clearfix'>\n<div class=\"flex_column av_one_half  av-animated-generic bottom-to-top  flex_column_div av-zero-column-padding first\" style='border-radius:0px; '><p><div style='padding-bottom:10px; font-size:50px;' class='av-special-heading av-special-heading-h4  blockquote modern-quote   av-inherit-size'><h4 class='av-special-heading-tag'  itemprop=\"headline\"  >Contact us!<\/h4><div class='special-heading-border'><div class='special-heading-inner-border' ><\/div><\/div><\/div><br \/>\n<form action=\"https:\/\/autorent.hr\/en\/kontakt\/\" method=\"post\"  class=\"avia_ajax_form av-form-labels-hidden\" data-avia-form-id=\"1\" data-avia-redirect='' data-trp-original-action=\"https:\/\/autorent.hr\/en\/kontakt\/\"><fieldset><p class='first_form  form_element form_element_half' id='element_avia_1_1'> <input name=\"avia_1_1\" class=\"text_input is_empty\" type=\"text\" id=\"avia_1_1\" value=\"\"  placeholder='Name and surname*'\/><\/p><p class='form_element form_element_half' id='element_avia_2_1'> <input name=\"avia_2_1\" class=\"text_input is_email\" type=\"text\" id=\"avia_2_1\" value=\"\"  placeholder='E-mail*'\/><\/p><p class='first_form  form_element form_element_half' id='element_avia_3_1'> <input name=\"avia_3_1\" class=\"text_input is_empty\" type=\"text\" id=\"avia_3_1\" value=\"\"  placeholder='Subject*'\/><\/p><p class='form_element form_element_half' id='element_avia_4_1'> <input name=\"avia_4_1\" class=\"text_input is_empty\" type=\"text\" id=\"avia_4_1\" value=\"\"  placeholder='Telephone No.*'\/><\/p><p class='first_form  form_element form_fullwidth av-last-visible-form-element' id='element_avia_5_1'>\t <textarea  placeholder='Message*' name=\"avia_5_1\" class=\"text_area is_empty\" cols=\"40\" rows=\"7\" id=\"avia_5_1\" ><\/textarea><\/p><p class=\"hidden\"><input type=\"text\" name=\"avia_6_1\" class=\"hidden\" id=\"avia_6_1\" value=\"\" \/><\/p><p class=\"form_element\"><input type=\"hidden\" value=\"1\" name=\"avia_generated_form1\" \/><input type=\"submit\" value=\"Send\" class=\"button\"  data-sending-label=\"Sending\"\/><\/p><\/fieldset><input type=\"hidden\" name=\"trp-form-language\" value=\"en\"\/><\/form><div id=\"ajaxresponse_1\" class=\"ajaxresponse ajaxresponse_1 hidden\"><\/div><\/p><\/div><div class=\"flex_column av_one_half  av-animated-generic bottom-to-top  flex_column_div av-zero-column-padding\" style='border-radius:0px; '><p><div style='padding-bottom:10px; font-size:50px;' class='av-special-heading av-special-heading-h4  blockquote modern-quote   av-inherit-size'><h4 class='av-special-heading-tag'  itemprop=\"headline\"  >Auto Rent<\/h4><div class='special-heading-border'><div class='special-heading-inner-border' ><\/div><\/div><\/div><br \/>\n<section class=\"av_textblock_section\"  itemscope=\"itemscope\" itemtype=\"https:\/\/schema.org\/CreativeWork\" ><div class='avia_textblock'   itemprop=\"text\" ><p><strong>Adresa<\/strong>: Zra\u010dna luka Franjo Tu\u0111man M Z L Z &#8211; Zagreb (Pleso), 10000 Zagreb, Hrvatska<br \/>\n<strong>Mobitel<\/strong>:\u00a0<a href=\"tel:+385(0)951988292\">+385 (0)95 1988 292<\/a><br \/>\n<strong>E-mail<\/strong>:\u00a0<a href=\"mailto:info@autorent.hr\">info@autorent.hr<\/a><\/p>\n<\/div><\/section><br \/>\n<section class=\"av_textblock_section\"  itemscope=\"itemscope\" itemtype=\"https:\/\/schema.org\/CreativeWork\" ><div class='avia_textblock'   itemprop=\"text\" ><p class=\"translation-block\"><strong> Office hours: <\/strong> <br>\nMonday-Friday: 09:00 - 17:00 <br>\nSaturday: 09:00 - 15:00 <br>\nTo issue \/ return the vehicle from 00:00 - 24:00 feel free to contact us at <a href=\"tel:+385 95 1988 292\" target=\"_self\"> +385 95 1988 292 <\/a> <br>\nSunday and holidays: as needed \/ by prior arrangement<\/p>\n<\/div><\/section><\/p><\/div>","protected":false},"excerpt":{"rendered":"","protected":false},"author":1,"featured_media":0,"parent":0,"menu_order":0,"comment_status":"open","ping_status":"closed","template":"","meta":[],"yoast_head":"<!-- This site is optimized with the Yoast SEO plugin v19.13 - https:\/\/yoast.com\/wordpress\/plugins\/seo\/ -->\n<title>Kontakt - Auto Rent<\/title>\n<meta name=\"robots\" content=\"index, follow, max-snippet:-1, max-image-preview:large, max-video-preview:-1\" \/>\n<link rel=\"canonical\" href=\"https:\/\/autorent.hr\/kontakt\/\" \/>\n<meta property=\"og:locale\" content=\"en_US\" \/>\n<meta property=\"og:type\" content=\"article\" \/>\n<meta property=\"og:title\" content=\"Kontakt - Auto Rent\" \/>\n<meta property=\"og:url\" content=\"https:\/\/autorent.hr\/kontakt\/\" \/>\n<meta property=\"og:site_name\" content=\"Auto Rent\" \/>\n<meta property=\"article:modified_time\" content=\"2021-10-13T09:49:10+00:00\" \/>\n<meta name=\"twitter:card\" content=\"summary_large_image\" \/>\n<meta name=\"twitter:label1\" content=\"Est. reading time\" \/>\n\t<meta name=\"twitter:data1\" content=\"4 minutes\" \/>\n<script type=\"application\/ld+json\" class=\"yoast-schema-graph\">{\"@context\":\"https:\/\/schema.org\",\"@graph\":[{\"@type\":\"WebPage\",\"@id\":\"https:\/\/autorent.hr\/kontakt\/\",\"url\":\"https:\/\/autorent.hr\/kontakt\/\",\"name\":\"Kontakt - Auto Rent\",\"isPartOf\":{\"@id\":\"https:\/\/autorent.hr\/#website\"},\"datePublished\":\"2018-10-25T07:12:51+00:00\",\"dateModified\":\"2021-10-13T09:49:10+00:00\",\"breadcrumb\":{\"@id\":\"https:\/\/autorent.hr\/kontakt\/#breadcrumb\"},\"inLanguage\":\"en-US\",\"potentialAction\":[{\"@type\":\"ReadAction\",\"target\":[\"https:\/\/autorent.hr\/kontakt\/\"]}]},{\"@type\":\"BreadcrumbList\",\"@id\":\"https:\/\/autorent.hr\/kontakt\/#breadcrumb\",\"itemListElement\":[{\"@type\":\"ListItem\",\"position\":1,\"name\":\"Po\u010detna stranica\",\"item\":\"https:\/\/autorent.hr\/\"},{\"@type\":\"ListItem\",\"position\":2,\"name\":\"Kontakt\"}]},{\"@type\":\"WebSite\",\"@id\":\"https:\/\/autorent.hr\/#website\",\"url\":\"https:\/\/autorent.hr\/\",\"name\":\"Auto Rent\",\"description\":\"\",\"potentialAction\":[{\"@type\":\"SearchAction\",\"target\":{\"@type\":\"EntryPoint\",\"urlTemplate\":\"https:\/\/autorent.hr\/?s={search_term_string}\"},\"query-input\":\"required name=search_term_string\"}],\"inLanguage\":\"en-US\"}]}<\/script>\n<!-- \/ Yoast SEO plugin. -->","yoast_head_json":{"title":"Kontakt - Auto Rent","robots":{"index":"index","follow":"follow","max-snippet":"max-snippet:-1","max-image-preview":"max-image-preview:large","max-video-preview":"max-video-preview:-1"},"canonical":"https:\/\/autorent.hr\/kontakt\/","og_locale":"en_US","og_type":"article","og_title":"Kontakt - Auto Rent","og_url":"https:\/\/autorent.hr\/kontakt\/","og_site_name":"Auto Rent","article_modified_time":"2021-10-13T09:49:10+00:00","twitter_card":"summary_large_image","twitter_misc":{"Est. reading time":"4 minutes"},"schema":{"@context":"https:\/\/schema.org","@graph":[{"@type":"WebPage","@id":"https:\/\/autorent.hr\/kontakt\/","url":"https:\/\/autorent.hr\/kontakt\/","name":"Kontakt - Auto Rent","isPartOf":{"@id":"https:\/\/autorent.hr\/#website"},"datePublished":"2018-10-25T07:12:51+00:00","dateModified":"2021-10-13T09:49:10+00:00","breadcrumb":{"@id":"https:\/\/autorent.hr\/kontakt\/#breadcrumb"},"inLanguage":"en-US","potentialAction":[{"@type":"ReadAction","target":["https:\/\/autorent.hr\/kontakt\/"]}]},{"@type":"BreadcrumbList","@id":"https:\/\/autorent.hr\/kontakt\/#breadcrumb","itemListElement":[{"@type":"ListItem","position":1,"name":"Po\u010detna stranica","item":"https:\/\/autorent.hr\/"},{"@type":"ListItem","position":2,"name":"Kontakt"}]},{"@type":"WebSite","@id":"https:\/\/autorent.hr\/#website","url":"https:\/\/autorent.hr\/","name":"Auto Rent","description":"","potentialAction":[{"@type":"SearchAction","target":{"@type":"EntryPoint","urlTemplate":"https:\/\/autorent.hr\/?s={search_term_string}"},"query-input":"required name=search_term_string"}],"inLanguage":"en-US"}]}},"_links":{"self":[{"href":"https:\/\/autorent.hr\/en\/wp-json\/wp\/v2\/pages\/156"}],"collection":[{"href":"https:\/\/autorent.hr\/en\/wp-json\/wp\/v2\/pages"}],"about":[{"href":"https:\/\/autorent.hr\/en\/wp-json\/wp\/v2\/types\/page"}],"author":[{"embeddable":true,"href":"https:\/\/autorent.hr\/en\/wp-json\/wp\/v2\/users\/1"}],"replies":[{"embeddable":true,"href":"https:\/\/autorent.hr\/en\/wp-json\/wp\/v2\/comments?post=156"}],"version-history":[{"count":15,"href":"https:\/\/autorent.hr\/en\/wp-json\/wp\/v2\/pages\/156\/revisions"}],"predecessor-version":[{"id":2515,"href":"https:\/\/autorent.hr\/en\/wp-json\/wp\/v2\/pages\/156\/revisions\/2515"}],"wp:attachment":[{"href":"https:\/\/autorent.hr\/en\/wp-json\/wp\/v2\/media?parent=156"}],"curies":[{"name":"wp","href":"https:\/\/api.w.org\/{rel}","templated":true}]}}