{"id":102,"date":"2015-07-14T16:12:07","date_gmt":"2015-07-14T16:12:07","guid":{"rendered":"http:\/\/test.kriesi.at\/minimal-portfolio\/?page_id=102"},"modified":"2024-03-15T10:09:53","modified_gmt":"2024-03-15T09:09:53","slug":"naslovna","status":"publish","type":"page","link":"https:\/\/autorent.hr\/en\/","title":{"rendered":"Home"},"content":{"rendered":"<\/div><\/div><\/div><!-- close content main div --><\/div><\/div><div id='av_section_1' class='avia-section main_color avia-section-large avia-no-border-styling avia-bg-style-scroll   av-small-hide av-mini-hide container_wrap fullsize' style=' margin-top:0; margin-bottom:0; '   'margin-top:0; margin-bottom:0;><div class='container' ><div class='template-page content  av-content-full alpha units'><div class='post-entry post-entry-type-page post-entry-102'><div class='entry-content-wrapper clearfix'>\n<div style='height:250px' class='hr hr-invisible  av-small-hide av-mini-hide'><span class='hr-inner' ><span class='hr-inner-style'><\/span><\/span><\/div>\n\n<\/div><\/div><\/div><!-- close content main div --><\/div><\/div><div id='odmak' class='avia-section main_color avia-section-huge avia-no-border-styling avia-bg-style-scroll   container_wrap fullsize' style=' margin-top:0px; margin-bottom:0px; '   'margin-top:0px; margin-bottom:0px;><div class='container' ><div class='template-page content  av-content-full alpha units'><div class='post-entry post-entry-type-page post-entry-102'><div class='entry-content-wrapper clearfix'>\n<div class=\"flex_column av_one_fourth  av-animated-generic left-to-right  flex_column_div av-zero-column-padding first\" style='margin-top:0px; margin-bottom:0px; border-radius:3px; '><section class=\"av_textblock_section\"  itemscope=\"itemscope\" itemtype=\"https:\/\/schema.org\/CreativeWork\" ><div class='avia_textblock'   itemprop=\"text\" ><p style=\"text-align: center;\"><a href=\"https:\/\/autorent.hr\/en\/odaberi-vozilo\/\"><strong>Rent a car fleet<\/strong><\/a><\/p>\n<\/div><\/section><br \/>\n<div class='avia-image-container  av-styling-  noHover  av-overlay-on-hover   avia-align-center'  itemprop=\"ImageObject\" itemscope=\"itemscope\" itemtype=\"https:\/\/schema.org\/ImageObject\"  ><div class='avia-image-container-inner'><div class='avia-image-overlay-wrap'><a href='https:\/\/autorent.hr\/en\/odaberi-vozilo\/' class='avia_image'  ><div class='av-image-caption-overlay'><div class='av-caption-image-overlay-bg' style='opacity:0.4; background-color:#000000; '><\/div><div class='av-image-caption-overlay-position'><div class='av-image-caption-overlay-center' style='color:#ffffff; font-size:15px; '><p>No credit card for reservation required.<\/p>\n<\/div><\/div><\/div><img class='avia_image' src='https:\/\/autorent.hr\/wp-content\/uploads\/2020\/05\/2a-1.jpg' alt='' title='2a'  itemprop=\"thumbnailUrl\"  \/><\/a><\/div><\/div><\/div><\/p><\/div><div class=\"flex_column av_one_fourth  av-animated-generic left-to-right  flex_column_div av-zero-column-padding\" style='margin-top:0px; margin-bottom:0px; border-radius:3px; '><section class=\"av_textblock_section\"  itemscope=\"itemscope\" itemtype=\"https:\/\/schema.org\/CreativeWork\" ><div class='avia_textblock'   itemprop=\"text\" ><p style=\"text-align: center;\"><a href=\"https:\/\/autorent.hr\/en\/luksuzna-vozila\/\"><strong>Luksuzna vozila<\/strong><\/a><\/p>\n<\/div><\/section><br \/>\n<div class='avia-image-container  av-styling-  noHover  av-overlay-on-hover   avia-align-center'  itemprop=\"ImageObject\" itemscope=\"itemscope\" itemtype=\"https:\/\/schema.org\/ImageObject\"  ><div class='avia-image-container-inner'><div class='avia-image-overlay-wrap'><a href='https:\/\/autorent.hr\/en\/luksuzna-vozila\/' class='avia_image'  ><div class='av-image-caption-overlay'><div class='av-caption-image-overlay-bg' style='opacity:0.4; background-color:#000000; '><\/div><div class='av-image-caption-overlay-position'><div class='av-image-caption-overlay-center' style='color:#ffffff; font-size:15px; '><p>Na\u0161i najbolji modeli samo za Vas!<\/p>\n<\/div><\/div><\/div><img class='avia_image' src='https:\/\/autorent.hr\/wp-content\/uploads\/2023\/11\/WhatsApp-Image-2023-11-22-at-14.20.06.jpeg' alt='' title='WhatsApp Image 2023-11-22 at 14.20.06'  itemprop=\"thumbnailUrl\"  \/><\/a><\/div><\/div><\/div><\/p><\/div><div class=\"flex_column av_one_fourth  av-animated-generic left-to-right  flex_column_div av-zero-column-padding\" style='margin-top:0px; margin-bottom:0px; border-radius:3px; '><section class=\"av_textblock_section\"  itemscope=\"itemscope\" itemtype=\"https:\/\/schema.org\/CreativeWork\" ><div class='avia_textblock'   itemprop=\"text\" ><p style=\"text-align: center;\"><a href=\"https:\/\/autorent.hr\/en\/prijevoz-putnika\/\"><strong>Passenger transport services<\/strong><\/a><\/p>\n<\/div><\/section><br \/>\n<div class='avia-image-container  av-styling-  noHover  av-overlay-on-hover   avia-align-center'  itemprop=\"ImageObject\" itemscope=\"itemscope\" itemtype=\"https:\/\/schema.org\/ImageObject\"  ><div class='avia-image-container-inner'><div class='avia-image-overlay-wrap'><a href='https:\/\/autorent.hr\/en\/prijevoz-putnika\/' class='avia_image'  ><div class='av-image-caption-overlay'><div class='av-caption-image-overlay-bg' style='opacity:0.4; background-color:#000000; '><\/div><div class='av-image-caption-overlay-position'><div class='av-image-caption-overlay-center' style='color:#ffffff; font-size:15px; '><p>Book your van quickly and safely online with or without driver services.<\/p>\n<\/div><\/div><\/div><img class='avia_image' src='https:\/\/autorent.hr\/wp-content\/uploads\/2020\/05\/8-2.jpg' alt='' title='8'  itemprop=\"thumbnailUrl\"  \/><\/a><\/div><\/div><\/div><\/p><\/div><div class=\"flex_column av_one_fourth  av-animated-generic left-to-right  flex_column_div av-zero-column-padding\" style='margin-top:0px; margin-bottom:0px; border-radius:3px; '><section class=\"av_textblock_section\"  itemscope=\"itemscope\" itemtype=\"https:\/\/schema.org\/CreativeWork\" ><div class='avia_textblock'   itemprop=\"text\" ><p style=\"text-align: center;\"><a href=\"https:\/\/autorent.hr\/en\/visit-croatia\/\"><strong>Visit Croatia<\/strong><\/a><\/p>\n<\/div><\/section><br \/>\n<div class='avia-image-container  av-styling-  noHover  av-overlay-on-hover   avia-align-center'  itemprop=\"ImageObject\" itemscope=\"itemscope\" itemtype=\"https:\/\/schema.org\/ImageObject\"  ><div class='avia-image-container-inner'><div class='avia-image-overlay-wrap'><a href='https:\/\/autorent.hr\/en\/visit-croatia\/' class='avia_image'  ><div class='av-image-caption-overlay'><div class='av-caption-image-overlay-bg' style='opacity:0.4; background-color:#000000; '><\/div><div class='av-image-caption-overlay-position'><div class='av-image-caption-overlay-center' style='color:#ffffff; font-size:15px; '><p>Visit Croatia and taste the charms of the Mediterranean and continental Croatia.<\/p>\n<\/div><\/div><\/div><img class='avia_image' src='https:\/\/autorent.hr\/wp-content\/uploads\/2020\/05\/8-1-1.jpg' alt='' title='8 (1)'  itemprop=\"thumbnailUrl\"  \/><\/a><\/div><\/div><\/div><\/p><\/div>\n\n<\/div><\/div><\/div><!-- close content main div --><\/div><\/div><div id='av_section_3' class='avia-section main_color avia-section-large avia-no-border-styling avia-bg-style-scroll   container_wrap fullsize' style='background-color: #eeeeee;  '   'background-color:#eeeeee; '><div class='container' ><div class='template-page content  av-content-full alpha units'><div class='post-entry post-entry-type-page post-entry-102'><div class='entry-content-wrapper clearfix'>\n<div class=\"flex_column av_one_half  flex_column_div av-zero-column-padding first\" style='border-radius:0px; '><p><div style='padding-bottom:0px; margin:0 0 0 0; font-size:50px;' class='av-special-heading av-special-heading-h3  blockquote modern-quote modern-centered   av-inherit-size'><h3 class='av-special-heading-tag'  itemprop=\"headline\"  >Why choose AutoRent?<\/h3><div class='special-heading-border'><div class='special-heading-inner-border' ><\/div><\/div><\/div><br \/>\n<div style=' margin-top:30px; margin-bottom:30px;'  class='hr hr-custom hr-center hr-icon-no'><span class='hr-inner   inner-border-av-border-fat' style=' width:50px; border-color:#0a0a0a;' ><span class='hr-inner-style'><\/span><\/span><\/div><br \/>\n<section class=\"av_textblock_section\"  itemscope=\"itemscope\" itemtype=\"https:\/\/schema.org\/CreativeWork\" ><div class='avia_textblock'   itemprop=\"text\" ><p><span style=\"font-weight: 400;\">Because you will choose a top notch team consisting of young employees who will welcome you with excellent service and the highest quality rent a car service tailored to you, which we have been providing to our clients for 10 years at Zagreb Airport. <\/span><\/p>\n<p><span style=\"font-weight: 400;\">The entire booking process is simple and allows you to choose from a wide range of vehicles of our fleet, from small city vehicles, compact family vehicles, business limousines, SUV and luxury vehicles, in any city in Croatia or Europe.<\/span><\/p>\n<p><strong>AutoRent will enable you to travel without worries!<\/strong><\/p>\n<\/div><\/section><\/p><\/div><div class=\"flex_column av_one_half  flex_column_div av-zero-column-padding\" style='border-radius:0px; '><p><div class='avia-image-container  av-styling-    avia-align-center'  itemprop=\"ImageObject\" itemscope=\"itemscope\" itemtype=\"https:\/\/schema.org\/ImageObject\"  ><div class='avia-image-container-inner'><div class='avia-image-overlay-wrap'><img class='avia_image' src='https:\/\/autorent.hr\/wp-content\/uploads\/2024\/03\/Bitmap.png' alt='' title='Bitmap' height=\"690\" width=\"1532\"  itemprop=\"thumbnailUrl\"  \/><\/div><\/div><\/div><br \/>\n<div style='height:50px' class='hr hr-invisible'><span class='hr-inner' ><span class='hr-inner-style'><\/span><\/span><\/div><br \/>\n<div class='avia-button-wrap avia-button-center'><a href='https:\/\/autorent.hr\/en\/ponuda-usluga\/'  class='avia-button av-icon-on-hover  avia-icon_select-yes-right-icon avia-color-theme-color avia-size-large avia-position-center'   ><span class='avia_iconbox_title' >Check our range of services<\/span><span class='avia_button_icon avia_button_icon_right' aria-hidden='true' data-av_icon='\ue87d' data-av_iconfont='entypo-fontello'><\/span><\/a><\/div><\/p><\/div><\/div><\/div><\/div><!-- close content main div --><\/div><\/div><div id='sekcija' class='avia-section main_color avia-section-huge avia-no-border-styling avia-bg-style-scroll   container_wrap fullsize' style=' margin-top:0px; margin-bottom:0px; '   'margin-top:0px; margin-bottom:0px;><div class='container' ><div class='template-page content  av-content-full alpha units'><div class='post-entry post-entry-type-page post-entry-102'><div class='entry-content-wrapper clearfix'>\n<div class=\"flex_column av_one_third  av-animated-generic left-to-right  flex_column_div av-zero-column-padding first\" style='margin-top:0px; margin-bottom:0px; border-radius:3px; '><div class='avia-image-container  av-styling-    avia-align-center'  itemprop=\"ImageObject\" itemscope=\"itemscope\" itemtype=\"https:\/\/schema.org\/ImageObject\"  ><div class='avia-image-container-inner'><div class='avia-image-overlay-wrap'><img class='avia_image' src='https:\/\/autorent.hr\/wp-content\/uploads\/2020\/05\/16-1.jpg' alt='' title='16' height=\"434\" width=\"788\"  itemprop=\"thumbnailUrl\"  \/><\/div><\/div><\/div><\/div><div class=\"flex_column av_one_third  av-animated-generic left-to-right  flex_column_div av-zero-column-padding\" style='margin-top:0px; margin-bottom:0px; border-radius:3px; '><div class='avia-image-container  av-styling-    avia-align-center'  itemprop=\"ImageObject\" itemscope=\"itemscope\" itemtype=\"https:\/\/schema.org\/ImageObject\"  ><div class='avia-image-container-inner'><div class='avia-image-overlay-wrap'><img class='avia_image' src='https:\/\/autorent.hr\/wp-content\/uploads\/2020\/05\/12-1.jpg' alt='' title='12' height=\"417\" width=\"739\"  itemprop=\"thumbnailUrl\"  \/><\/div><\/div><\/div><\/div><div class=\"flex_column av_one_third  av-animated-generic left-to-right  flex_column_div av-zero-column-padding\" style='margin-top:0px; margin-bottom:0px; border-radius:3px; '><div class='avia-image-container  av-styling-    avia-align-center'  itemprop=\"ImageObject\" itemscope=\"itemscope\" itemtype=\"https:\/\/schema.org\/ImageObject\"  ><div class='avia-image-container-inner'><div class='avia-image-overlay-wrap'><img class='avia_image' src='https:\/\/autorent.hr\/wp-content\/uploads\/2020\/05\/10-1.jpg' alt='' title='10' height=\"389\" width=\"723\"  itemprop=\"thumbnailUrl\"  \/><\/div><\/div><\/div><\/div>\n<\/p>\n<\/div><\/div><\/div><!-- close content main div --><\/div><\/div><div id='av_section_5' class='avia-section main_color avia-section-default avia-no-border-styling avia-bg-style-scroll   container_wrap fullsize' style='background-color: #ffffff;  '   'background-color:#ffffff; '><div class='container' ><div class='template-page content  av-content-full alpha units'><div class='post-entry post-entry-type-page post-entry-102'><div class='entry-content-wrapper clearfix'>\n<div style='padding-bottom:10px; ' class='av-special-heading av-special-heading-h1  blockquote modern-quote modern-centered'><h1 class='av-special-heading-tag'  itemprop=\"headline\"  >CONTACT US<\/h1><div class='special-heading-border'><div class='special-heading-inner-border' ><\/div><\/div><\/div>\n<div style='height:50px' class='hr hr-invisible'><span class='hr-inner' ><span class='hr-inner-style'><\/span><\/span><\/div>\n<div class=\"flex_column av_one_third  flex_column_div av-zero-column-padding first\" style='border-radius:0px; '><article class=\"iconbox iconbox_left\"  itemscope=\"itemscope\" itemtype=\"https:\/\/schema.org\/CreativeWork\" ><div class=\"iconbox_content\"><header class=\"entry-content-header\"><div class=\"iconbox_icon heading-color\" aria-hidden='true' data-av_icon='\ue862' data-av_iconfont='entypo-fontello'  style='color:#ed1c23; ' ><\/div><h3 class='iconbox_content_title'  itemprop=\"headline\"   style='color:#ed1c23; '>OFFICE HOURS<\/h3><\/header><div class='iconbox_content_container'  itemprop=\"text\"  ><p class=\"translation-block\">Monday-Friday: 09:00 - 17:00 <br>\nSaturday: 09:00 - 15:00 <br>\nTo issue \/ return the vehicle from 00:00 - 24:00 feel free to contact us at <a href=\"tel:+385 95 1988 292\" target=\"_self\"> +385 95 1988 292 <\/a> <br>\nSunday and holidays: as needed \/ by prior arrangement<\/p>\n<\/div><\/div><footer class=\"entry-footer\"><\/footer><\/article><\/div><div class=\"flex_column av_one_third  flex_column_div av-zero-column-padding\" style='border-radius:0px; '><article class=\"iconbox iconbox_left\"  itemscope=\"itemscope\" itemtype=\"https:\/\/schema.org\/CreativeWork\" ><div class=\"iconbox_content\"><header class=\"entry-content-header\"><div class=\"iconbox_icon heading-color\" aria-hidden='true' data-av_icon='\ue854' data-av_iconfont='entypo-fontello'  style='color:#ed1c23; ' ><\/div><h3 class='iconbox_content_title'  itemprop=\"headline\"   style='color:#ed1c23; '>CONTACT<\/h3><\/header><div class='iconbox_content_container'  itemprop=\"text\"  ><p><a href=\"tel:+385(0)951988292\">+385 (0)95 1988 292<\/a><\/p>\n<\/div><\/div><footer class=\"entry-footer\"><\/footer><\/article><\/div><div class=\"flex_column av_one_third  flex_column_div av-zero-column-padding\" style='border-radius:0px; '><article class=\"iconbox iconbox_left\"  itemscope=\"itemscope\" itemtype=\"https:\/\/schema.org\/CreativeWork\" ><div class=\"iconbox_content\"><header class=\"entry-content-header\"><div class=\"iconbox_icon heading-color\" aria-hidden='true' data-av_icon='\ue805' data-av_iconfont='entypo-fontello'  style='color:#ed1c23; ' ><\/div><h3 class='iconbox_content_title'  itemprop=\"headline\"   style='color:#ed1c23; '>INFO AND RESERVATIONS<\/h3><\/header><div class='iconbox_content_container'  itemprop=\"text\"  ><p>Mail: <a href=\"mailto:info@autorent.hr\">info@autorent.hr<\/a><\/p>\n<\/div><\/div><footer class=\"entry-footer\"><\/footer><\/article><\/div>\n\n<\/div><\/div><\/div><!-- close content main div --><\/div><\/div><div id='av_section_6' class='avia-section main_color avia-section-default avia-no-border-styling avia-bg-style-scroll   container_wrap fullsize' style='background-color: #ffffff;  '   'background-color:#ffffff; '><div class='container' ><div class='template-page content  av-content-full alpha units'><div class='post-entry post-entry-type-page post-entry-102'><div class='entry-content-wrapper clearfix'>\n<div class=\"flex_column av_one_full  flex_column_div av-zero-column-padding first\" style='border-radius:0px; '><div class='avia-image-container  av-styling-    avia-align-center'  itemprop=\"ImageObject\" itemscope=\"itemscope\" itemtype=\"https:\/\/schema.org\/ImageObject\"  ><div class='avia-image-container-inner'><div class='avia-image-overlay-wrap'><img class='avia_image' src='https:\/\/autorent.hr\/wp-content\/uploads\/2023\/12\/Oznake-vidljivosti-.png' alt='' title='Oznake vidljivosti' height=\"198\" width=\"911\"  itemprop=\"thumbnailUrl\"  \/><\/div><\/div><\/div><\/div>","protected":false},"excerpt":{"rendered":"","protected":false},"author":1,"featured_media":0,"parent":0,"menu_order":0,"comment_status":"open","ping_status":"closed","template":"","meta":[],"yoast_head":"<!-- This site is optimized with the Yoast SEO plugin v19.13 - https:\/\/yoast.com\/wordpress\/plugins\/seo\/ -->\n<title>Auto Rent - Online rezervacija bez kreditne kartice<\/title>\n<meta name=\"description\" content=\"Povoljan najam osobnih i putni\u010dkih kombi vozila svih klasa, brza i kvalitetna usluga. Kratkoro\u010dni i dugoro\u010dni najmovi. Rezerviraj svoje vozilo odmah!\" \/>\n<meta name=\"robots\" content=\"index, follow, max-snippet:-1, max-image-preview:large, max-video-preview:-1\" \/>\n<link rel=\"canonical\" href=\"https:\/\/autorent.hr\/\" \/>\n<meta property=\"og:locale\" content=\"en_US\" \/>\n<meta property=\"og:type\" content=\"article\" \/>\n<meta property=\"og:title\" content=\"Auto Rent - Online rezervacija bez kreditne kartice\" \/>\n<meta property=\"og:description\" content=\"Povoljan najam osobnih i putni\u010dkih kombi vozila svih klasa, brza i kvalitetna usluga. Kratkoro\u010dni i dugoro\u010dni najmovi. Rezerviraj svoje vozilo odmah!\" \/>\n<meta property=\"og:url\" content=\"https:\/\/autorent.hr\/\" \/>\n<meta property=\"og:site_name\" content=\"Auto Rent\" \/>\n<meta property=\"article:modified_time\" content=\"2024-03-15T09:09:53+00:00\" \/>\n<meta name=\"twitter:card\" content=\"summary_large_image\" \/>\n<meta name=\"twitter:label1\" content=\"Est. reading time\" \/>\n\t<meta name=\"twitter:data1\" content=\"7 minutes\" \/>\n<script type=\"application\/ld+json\" class=\"yoast-schema-graph\">{\"@context\":\"https:\/\/schema.org\",\"@graph\":[{\"@type\":\"WebPage\",\"@id\":\"https:\/\/autorent.hr\/\",\"url\":\"https:\/\/autorent.hr\/\",\"name\":\"Auto Rent - Online rezervacija bez kreditne kartice\",\"isPartOf\":{\"@id\":\"https:\/\/autorent.hr\/#website\"},\"datePublished\":\"2015-07-14T16:12:07+00:00\",\"dateModified\":\"2024-03-15T09:09:53+00:00\",\"description\":\"Povoljan najam osobnih i putni\u010dkih kombi vozila svih klasa, brza i kvalitetna usluga. Kratkoro\u010dni i dugoro\u010dni najmovi. Rezerviraj svoje vozilo odmah!\",\"breadcrumb\":{\"@id\":\"https:\/\/autorent.hr\/#breadcrumb\"},\"inLanguage\":\"en-US\",\"potentialAction\":[{\"@type\":\"ReadAction\",\"target\":[\"https:\/\/autorent.hr\/\"]}]},{\"@type\":\"BreadcrumbList\",\"@id\":\"https:\/\/autorent.hr\/#breadcrumb\",\"itemListElement\":[{\"@type\":\"ListItem\",\"position\":1,\"name\":\"Po\u010detna stranica\",\"item\":\"https:\/\/autorent.hr\/\"},{\"@type\":\"ListItem\",\"position\":2,\"name\":\"Naslovna\"}]},{\"@type\":\"WebSite\",\"@id\":\"https:\/\/autorent.hr\/#website\",\"url\":\"https:\/\/autorent.hr\/\",\"name\":\"Auto Rent\",\"description\":\"\",\"potentialAction\":[{\"@type\":\"SearchAction\",\"target\":{\"@type\":\"EntryPoint\",\"urlTemplate\":\"https:\/\/autorent.hr\/?s={search_term_string}\"},\"query-input\":\"required name=search_term_string\"}],\"inLanguage\":\"en-US\"}]}<\/script>\n<!-- \/ Yoast SEO plugin. -->","yoast_head_json":{"title":"Auto Rent - Online rezervacija bez kreditne kartice","description":"Povoljan najam osobnih i putni\u010dkih kombi vozila svih klasa, brza i kvalitetna usluga. Kratkoro\u010dni i dugoro\u010dni najmovi. Rezerviraj svoje vozilo odmah!","robots":{"index":"index","follow":"follow","max-snippet":"max-snippet:-1","max-image-preview":"max-image-preview:large","max-video-preview":"max-video-preview:-1"},"canonical":"https:\/\/autorent.hr\/","og_locale":"en_US","og_type":"article","og_title":"Auto Rent - Online rezervacija bez kreditne kartice","og_description":"Povoljan najam osobnih i putni\u010dkih kombi vozila svih klasa, brza i kvalitetna usluga. Kratkoro\u010dni i dugoro\u010dni najmovi. Rezerviraj svoje vozilo odmah!","og_url":"https:\/\/autorent.hr\/","og_site_name":"Auto Rent","article_modified_time":"2024-03-15T09:09:53+00:00","twitter_card":"summary_large_image","twitter_misc":{"Est. reading time":"7 minutes"},"schema":{"@context":"https:\/\/schema.org","@graph":[{"@type":"WebPage","@id":"https:\/\/autorent.hr\/","url":"https:\/\/autorent.hr\/","name":"Auto Rent - Online rezervacija bez kreditne kartice","isPartOf":{"@id":"https:\/\/autorent.hr\/#website"},"datePublished":"2015-07-14T16:12:07+00:00","dateModified":"2024-03-15T09:09:53+00:00","description":"Povoljan najam osobnih i putni\u010dkih kombi vozila svih klasa, brza i kvalitetna usluga. Kratkoro\u010dni i dugoro\u010dni najmovi. Rezerviraj svoje vozilo odmah!","breadcrumb":{"@id":"https:\/\/autorent.hr\/#breadcrumb"},"inLanguage":"en-US","potentialAction":[{"@type":"ReadAction","target":["https:\/\/autorent.hr\/"]}]},{"@type":"BreadcrumbList","@id":"https:\/\/autorent.hr\/#breadcrumb","itemListElement":[{"@type":"ListItem","position":1,"name":"Po\u010detna stranica","item":"https:\/\/autorent.hr\/"},{"@type":"ListItem","position":2,"name":"Naslovna"}]},{"@type":"WebSite","@id":"https:\/\/autorent.hr\/#website","url":"https:\/\/autorent.hr\/","name":"Auto Rent","description":"","potentialAction":[{"@type":"SearchAction","target":{"@type":"EntryPoint","urlTemplate":"https:\/\/autorent.hr\/?s={search_term_string}"},"query-input":"required name=search_term_string"}],"inLanguage":"en-US"}]}},"_links":{"self":[{"href":"https:\/\/autorent.hr\/en\/wp-json\/wp\/v2\/pages\/102"}],"collection":[{"href":"https:\/\/autorent.hr\/en\/wp-json\/wp\/v2\/pages"}],"about":[{"href":"https:\/\/autorent.hr\/en\/wp-json\/wp\/v2\/types\/page"}],"author":[{"embeddable":true,"href":"https:\/\/autorent.hr\/en\/wp-json\/wp\/v2\/users\/1"}],"replies":[{"embeddable":true,"href":"https:\/\/autorent.hr\/en\/wp-json\/wp\/v2\/comments?post=102"}],"version-history":[{"count":189,"href":"https:\/\/autorent.hr\/en\/wp-json\/wp\/v2\/pages\/102\/revisions"}],"predecessor-version":[{"id":3091,"href":"https:\/\/autorent.hr\/en\/wp-json\/wp\/v2\/pages\/102\/revisions\/3091"}],"wp:attachment":[{"href":"https:\/\/autorent.hr\/en\/wp-json\/wp\/v2\/media?parent=102"}],"curies":[{"name":"wp","href":"https:\/\/api.w.org\/{rel}","templated":true}]}}